{"id":248,"date":"2024-05-16T06:37:07","date_gmt":"2024-05-16T03:37:07","guid":{"rendered":"http:\/\/strumen.fortest.org\/?page_id=248"},"modified":"2025-04-04T16:51:18","modified_gmt":"2025-04-04T13:51:18","slug":"produkte","status":"publish","type":"page","link":"https:\/\/foritec.de\/en\/produkte\/","title":{"rendered":"Products"},"content":{"rendered":"<p>Customer-centric solutions aimed at creating products that directly address customer needs, preferences and pain points. This approach involves thoroughly understanding the target market, collecting customer feedback at every stage of development, and continually refining the product to ensure it meets or exceeds customer expectations.<\/p>\n\n\n\n<p>To create customer-centric solutions, we use methods such as market research, user surveys, focus groups, usability testing and customer interviews. By actively involving customers in the product development process, we can gain valuable information that will help us better meet the needs of our customer audience.<\/p>\n\n\n\n<p>Moreover, customer-centric solutions prioritize user experience and satisfaction. This means developing products that are intuitive, user-friendly and deliver real value to our customers. By putting the customer at the center of the product development process, we increase customer loyalty, increase sales and differentiate ourselves from competitors.<\/p>\n\n\n\n<p>We are proud to present a diverse portfolio of products.<\/p>","protected":false},"excerpt":{"rendered":"<p>Kundenzentrierte L\u00f6sungen zielen darauf ab, Produkte zu schaffen, die direkt auf die Bed\u00fcrfnisse, Vorlieben und Schwachstellen der Kunden eingehen. Bei diesem Ansatz geht es darum, den Zielmarkt gr\u00fcndlich zu verstehen, in jeder Phase der Entwicklung Kundenfeedback zu sammeln und das Produkt kontinuierlich weiterzuentwickeln, um sicherzustellen, dass es die Erwartungen der Kunden erf\u00fcllt oder \u00fcbertrifft. Um [&hellip;]<\/p>","protected":false},"author":1,"featured_media":0,"parent":0,"menu_order":0,"comment_status":"closed","ping_status":"closed","template":"catalog.php","meta":{"_acf_changed":false,"footnotes":""},"class_list":["post-248","page","type-page","status-publish","hentry"],"acf":[],"_links":{"self":[{"href":"https:\/\/foritec.de\/en\/wp-json\/wp\/v2\/pages\/248","targetHints":{"allow":["GET"]}}],"collection":[{"href":"https:\/\/foritec.de\/en\/wp-json\/wp\/v2\/pages"}],"about":[{"href":"https:\/\/foritec.de\/en\/wp-json\/wp\/v2\/types\/page"}],"author":[{"embeddable":true,"href":"https:\/\/foritec.de\/en\/wp-json\/wp\/v2\/users\/1"}],"replies":[{"embeddable":true,"href":"https:\/\/foritec.de\/en\/wp-json\/wp\/v2\/comments?post=248"}],"version-history":[{"count":74,"href":"https:\/\/foritec.de\/en\/wp-json\/wp\/v2\/pages\/248\/revisions"}],"predecessor-version":[{"id":655,"href":"https:\/\/foritec.de\/en\/wp-json\/wp\/v2\/pages\/248\/revisions\/655"}],"wp:attachment":[{"href":"https:\/\/foritec.de\/en\/wp-json\/wp\/v2\/media?parent=248"}],"curies":[{"name":"wp","href":"https:\/\/api.w.org\/{rel}","templated":true}]}}